{"id":2537,"date":"2024-01-08T09:03:32","date_gmt":"2024-01-08T09:03:32","guid":{"rendered":"https:\/\/www.docteuraime.com\/?page_id=2537"},"modified":"2025-02-12T10:31:00","modified_gmt":"2025-02-12T10:31:00","slug":"center","status":"publish","type":"page","link":"https:\/\/www.docteuraime.com\/en\/center\/","title":{"rendered":"The center"},"content":{"rendered":"","protected":false},"excerpt":{"rendered":"","protected":false},"author":7,"featured_media":0,"parent":0,"menu_order":0,"comment_status":"open","ping_status":"closed","template":"page-templates\/InternalPage.php","meta":{"footnotes":""},"class_list":["post-2537","page","type-page","status-publish","hentry"],"acf":[],"yoast_head":"<!-- This site is optimized with the Yoast SEO plugin v27.3 - https:\/\/yoast.com\/product\/yoast-seo-wordpress\/ -->\n<title>The Center | Aesthetic Medicine | Dr. Virginie Aim\u00e9 | Antibes<\/title>\n<meta name=\"description\" content=\"Dr. Virginie Aim\u00e9 welcomes you to her aesthetic medicine center in the heart of Antibes, located in the luxurious Grand H\u00f4tel, just steps from the port and the old town. Personalized treatments tailored to your needs.\" \/>\n<meta name=\"robots\" content=\"index, follow, max-snippet:-1, max-image-preview:large, max-video-preview:-1\" \/>\n<link rel=\"canonical\" href=\"https:\/\/www.docteuraime.com\/en\/center\/\" \/>\n<meta property=\"og:locale\" content=\"en_US\" \/>\n<meta property=\"og:type\" content=\"article\" \/>\n<meta property=\"og:title\" content=\"The Center | Aesthetic Medicine | Dr. Virginie Aim\u00e9 | Antibes\" \/>\n<meta property=\"og:description\" content=\"Dr. Virginie Aim\u00e9 welcomes you to her aesthetic medicine center in the heart of Antibes, located in the luxurious Grand H\u00f4tel, just steps from the port and the old town. Personalized treatments tailored to your needs.\" \/>\n<meta property=\"og:url\" content=\"https:\/\/www.docteuraime.com\/en\/center\/\" \/>\n<meta property=\"og:site_name\" content=\"Home\" \/>\n<meta property=\"article:modified_time\" content=\"2025-02-12T10:31:00+00:00\" \/>\n<meta name=\"twitter:card\" content=\"summary_large_image\" \/>\n<!-- \/ Yoast SEO plugin. -->","yoast_head_json":{"title":"The Center | Aesthetic Medicine | Dr. Virginie Aim\u00e9 | Antibes","description":"Dr. Virginie Aim\u00e9 welcomes you to her aesthetic medicine center in the heart of Antibes, located in the luxurious Grand H\u00f4tel, just steps from the port and the old town. Personalized treatments tailored to your needs.","robots":{"index":"index","follow":"follow","max-snippet":"max-snippet:-1","max-image-preview":"max-image-preview:large","max-video-preview":"max-video-preview:-1"},"canonical":"https:\/\/www.docteuraime.com\/en\/center\/","og_locale":"en_US","og_type":"article","og_title":"The Center | Aesthetic Medicine | Dr. Virginie Aim\u00e9 | Antibes","og_description":"Dr. Virginie Aim\u00e9 welcomes you to her aesthetic medicine center in the heart of Antibes, located in the luxurious Grand H\u00f4tel, just steps from the port and the old town. Personalized treatments tailored to your needs.","og_url":"https:\/\/www.docteuraime.com\/en\/center\/","og_site_name":"Home","article_modified_time":"2025-02-12T10:31:00+00:00","twitter_card":"summary_large_image","schema":{"@context":"https:\/\/schema.org","@graph":[{"@type":"WebPage","@id":"https:\/\/www.docteuraime.com\/en\/center\/","url":"https:\/\/www.docteuraime.com\/en\/center\/","name":"The Center | Aesthetic Medicine | Dr. Virginie Aim\u00e9 | Antibes","isPartOf":{"@id":"https:\/\/www.docteuraime.com\/#website"},"datePublished":"2024-01-08T09:03:32+00:00","dateModified":"2025-02-12T10:31:00+00:00","description":"Dr. Virginie Aim\u00e9 welcomes you to her aesthetic medicine center in the heart of Antibes, located in the luxurious Grand H\u00f4tel, just steps from the port and the old town. Personalized treatments tailored to your needs.","breadcrumb":{"@id":"https:\/\/www.docteuraime.com\/en\/center\/#breadcrumb"},"inLanguage":"en-US","potentialAction":[{"@type":"ReadAction","target":["https:\/\/www.docteuraime.com\/en\/center\/"]}]},{"@type":"BreadcrumbList","@id":"https:\/\/www.docteuraime.com\/en\/center\/#breadcrumb","itemListElement":[{"@type":"ListItem","position":1,"name":"Home","item":"https:\/\/www.docteuraime.com\/en\/"},{"@type":"ListItem","position":2,"name":"The center"}]},{"@type":"WebSite","@id":"https:\/\/www.docteuraime.com\/#website","url":"https:\/\/www.docteuraime.com\/","name":"Home","description":"","potentialAction":[{"@type":"SearchAction","target":{"@type":"EntryPoint","urlTemplate":"https:\/\/www.docteuraime.com\/?s={search_term_string}"},"query-input":{"@type":"PropertyValueSpecification","valueRequired":true,"valueName":"search_term_string"}}],"inLanguage":"en-US"}]}},"_links":{"self":[{"href":"https:\/\/www.docteuraime.com\/en\/wp-json\/wp\/v2\/pages\/2537","targetHints":{"allow":["GET"]}}],"collection":[{"href":"https:\/\/www.docteuraime.com\/en\/wp-json\/wp\/v2\/pages"}],"about":[{"href":"https:\/\/www.docteuraime.com\/en\/wp-json\/wp\/v2\/types\/page"}],"author":[{"embeddable":true,"href":"https:\/\/www.docteuraime.com\/en\/wp-json\/wp\/v2\/users\/7"}],"replies":[{"embeddable":true,"href":"https:\/\/www.docteuraime.com\/en\/wp-json\/wp\/v2\/comments?post=2537"}],"version-history":[{"count":0,"href":"https:\/\/www.docteuraime.com\/en\/wp-json\/wp\/v2\/pages\/2537\/revisions"}],"wp:attachment":[{"href":"https:\/\/www.docteuraime.com\/en\/wp-json\/wp\/v2\/media?parent=2537"}],"curies":[{"name":"wp","href":"https:\/\/api.w.org\/{rel}","templated":true}]}}